{"id":3465,"date":"2020-01-21T16:08:14","date_gmt":"2020-01-21T15:08:14","guid":{"rendered":"https:\/\/atelier.aadw.lu\/?page_id=3465"},"modified":"2020-02-04T12:18:58","modified_gmt":"2020-02-04T11:18:58","slug":"projets_0010_imgrund-duplicate-1","status":"publish","type":"page","link":"https:\/\/atelier.aadw.lu\/?page_id=3465","title":{"rendered":"Projets_0007_Eschweiler"},"content":{"rendered":"<div  class=\"tatsu-SkZiEds8PE tatsu-section    tatsu-clearfix\" data-title=\"\"  data-headerscheme=\"background--dark\"><div class='tatsu-section-pad clearfix' data-padding='{\"d\":\"45px 0px 45px 0px\"}' data-padding-top='45px'><div class=\"tatsu-row-wrap  tatsu-wrap tatsu-row-one-col tatsu-row-has-one-cols tatsu-medium-gutter tatsu-reg-cols  tatsu-clearfix tatsu-BkxsNdiIwN\" ><div  class=\"tatsu-row \" ><div  class=\"tatsu-column  tatsu-column-no-bg tatsu-one-col tatsu-column-image-none tatsu-column-effect-none  tatsu-SkoEdjIP4\"  data-parallax-speed=\"0\" style=\"\"><div class=\"tatsu-column-inner \" ><div class=\"tatsu-column-pad-wrap\"><div class=\"tatsu-column-pad\" >            <div class = \"tatsu-rev-slider-wrap tatsu-module  tatsu-27sO_fGzF\">\n                \n\t\t\t<!-- START 0007 REVOLUTION SLIDER 6.6.14 --><p class=\"rs-p-wp-fix\"><\/p>\n\t\t\t<rs-module-wrap id=\"SL0024_wrapper\" data-source=\"gallery\" style=\"visibility:hidden;background:transparent;padding:0;margin:0px auto;margin-top:0;margin-bottom:0;\">\n\t\t\t\t<rs-module id=\"SL0024\" style=\"\" data-version=\"6.6.14\">\n\t\t\t\t\t<rs-slides style=\"overflow: hidden; position: absolute;\">\n\t\t\t\t\t\t<rs-slide style=\"position: absolute;\" data-key=\"rs-174\" data-title=\"Slide\" data-thumb=\"\/\/atelier.aadw.lu\/wp-content\/uploads\/2020\/01\/0007-ESC-ext-02-80x50.jpg\" data-anim=\"adpr:false;\">\n\t\t\t\t\t\t\t<img decoding=\"async\" src=\"\/\/atelier.aadw.lu\/wp-content\/plugins\/revslider\/public\/assets\/assets\/dummy.png\" alt=\"\" title=\"Projets_0007_Eschweiler\" class=\"rev-slidebg tp-rs-img rs-lazyload\" data-lazyload=\"\/\/atelier.aadw.lu\/wp-content\/uploads\/2020\/01\/0007-ESC-ext-02.jpg\" data-parallax=\"off\" data-no-retina>\n<!---->\t\t\t\t\t\t<\/rs-slide>\n\t\t\t\t\t\t<rs-slide style=\"position: absolute;\" data-key=\"rs-172\" data-title=\"Slide\" data-thumb=\"\/\/atelier.aadw.lu\/wp-content\/uploads\/2020\/01\/0007-ESC-ext-04-80x50.jpg\" data-anim=\"adpr:false;\">\n\t\t\t\t\t\t\t<img decoding=\"async\" src=\"\/\/atelier.aadw.lu\/wp-content\/plugins\/revslider\/public\/assets\/assets\/dummy.png\" alt=\"\" title=\"Projets_0007_Eschweiler\" class=\"rev-slidebg tp-rs-img rs-lazyload\" data-lazyload=\"\/\/atelier.aadw.lu\/wp-content\/uploads\/2020\/01\/0007-ESC-ext-04.jpg\" data-parallax=\"off\" data-no-retina>\n<!---->\t\t\t\t\t\t<\/rs-slide>\n\t\t\t\t\t\t<rs-slide style=\"position: absolute;\" data-key=\"rs-173\" data-title=\"Slide\" data-thumb=\"\/\/atelier.aadw.lu\/wp-content\/uploads\/2020\/01\/0007-ESC-ext-03-80x50.jpg\" data-anim=\"adpr:false;\">\n\t\t\t\t\t\t\t<img decoding=\"async\" src=\"\/\/atelier.aadw.lu\/wp-content\/plugins\/revslider\/public\/assets\/assets\/dummy.png\" alt=\"\" title=\"Projets_0007_Eschweiler\" class=\"rev-slidebg tp-rs-img rs-lazyload\" data-lazyload=\"\/\/atelier.aadw.lu\/wp-content\/uploads\/2020\/01\/0007-ESC-ext-03.jpg\" data-parallax=\"off\" data-no-retina>\n<!---->\t\t\t\t\t\t<\/rs-slide>\n\t\t\t\t\t\t<rs-slide style=\"position: absolute;\" data-key=\"rs-175\" data-title=\"Slide\" data-thumb=\"\/\/atelier.aadw.lu\/wp-content\/uploads\/2020\/01\/0007-ESC-ext-01-80x50.jpg\" data-anim=\"adpr:false;\">\n\t\t\t\t\t\t\t<img decoding=\"async\" src=\"\/\/atelier.aadw.lu\/wp-content\/plugins\/revslider\/public\/assets\/assets\/dummy.png\" alt=\"\" title=\"Projets_0007_Eschweiler\" class=\"rev-slidebg tp-rs-img rs-lazyload\" data-lazyload=\"\/\/atelier.aadw.lu\/wp-content\/uploads\/2020\/01\/0007-ESC-ext-01.jpg\" data-parallax=\"off\" data-no-retina>\n<!---->\t\t\t\t\t\t<\/rs-slide>\n\t\t\t\t\t\t<rs-slide style=\"position: absolute;\" data-key=\"rs-207\" data-title=\"Slide\" data-thumb=\"\/\/atelier.aadw.lu\/wp-content\/uploads\/2020\/02\/0007-ESC-ext-05-80x50.jpg\" data-anim=\"adpr:false;\">\n\t\t\t\t\t\t\t<img decoding=\"async\" src=\"\/\/atelier.aadw.lu\/wp-content\/plugins\/revslider\/public\/assets\/assets\/dummy.png\" alt=\"\" title=\"Projets_0007_Eschweiler\" class=\"rev-slidebg tp-rs-img rs-lazyload\" data-lazyload=\"\/\/atelier.aadw.lu\/wp-content\/uploads\/2020\/02\/0007-ESC-ext-05.jpg\" data-parallax=\"off\" data-no-retina>\n<!---->\t\t\t\t\t\t<\/rs-slide>\n\t\t\t\t\t\t<rs-slide style=\"position: absolute;\" data-key=\"rs-206\" data-title=\"Slide\" data-thumb=\"\/\/atelier.aadw.lu\/wp-content\/uploads\/2020\/02\/0007-ESC-ext-06-80x50.jpg\" data-anim=\"adpr:false;\">\n\t\t\t\t\t\t\t<img decoding=\"async\" src=\"\/\/atelier.aadw.lu\/wp-content\/plugins\/revslider\/public\/assets\/assets\/dummy.png\" alt=\"\" title=\"Projets_0007_Eschweiler\" class=\"rev-slidebg tp-rs-img rs-lazyload\" data-lazyload=\"\/\/atelier.aadw.lu\/wp-content\/uploads\/2020\/02\/0007-ESC-ext-06.jpg\" data-parallax=\"off\" data-no-retina>\n<!---->\t\t\t\t\t\t<\/rs-slide>\n\t\t\t\t\t\t<rs-slide style=\"position: absolute;\" data-key=\"rs-166\" data-title=\"Slide\" data-thumb=\"\/\/atelier.aadw.lu\/wp-content\/uploads\/2020\/01\/0007-ESC-sel-02-80x50.jpg\" data-anim=\"adpr:false;\">\n\t\t\t\t\t\t\t<img decoding=\"async\" src=\"\/\/atelier.aadw.lu\/wp-content\/plugins\/revslider\/public\/assets\/assets\/dummy.png\" alt=\"\" title=\"Projets_0007_Eschweiler\" class=\"rev-slidebg tp-rs-img rs-lazyload\" data-lazyload=\"\/\/atelier.aadw.lu\/wp-content\/uploads\/2020\/01\/0007-ESC-sel-02.jpg\" data-parallax=\"off\" data-no-retina>\n<!---->\t\t\t\t\t\t<\/rs-slide>\n\t\t\t\t\t\t<rs-slide style=\"position: absolute;\" data-key=\"rs-167\" data-title=\"Slide\" data-thumb=\"\/\/atelier.aadw.lu\/wp-content\/uploads\/2020\/01\/0007-ESC-sel-01-80x50.jpg\" data-anim=\"adpr:false;\">\n\t\t\t\t\t\t\t<img decoding=\"async\" src=\"\/\/atelier.aadw.lu\/wp-content\/plugins\/revslider\/public\/assets\/assets\/dummy.png\" alt=\"\" title=\"Projets_0007_Eschweiler\" class=\"rev-slidebg tp-rs-img rs-lazyload\" data-lazyload=\"\/\/atelier.aadw.lu\/wp-content\/uploads\/2020\/01\/0007-ESC-sel-01.jpg\" data-parallax=\"off\" data-no-retina>\n<!---->\t\t\t\t\t\t<\/rs-slide>\n\t\t\t\t\t\t<rs-slide style=\"position: absolute;\" data-key=\"rs-170\" data-title=\"Slide\" data-thumb=\"\/\/atelier.aadw.lu\/wp-content\/uploads\/2020\/01\/0007-ESC-int-02-80x50.jpg\" data-anim=\"adpr:false;\">\n\t\t\t\t\t\t\t<img decoding=\"async\" src=\"\/\/atelier.aadw.lu\/wp-content\/plugins\/revslider\/public\/assets\/assets\/dummy.png\" alt=\"\" title=\"Projets_0007_Eschweiler\" class=\"rev-slidebg tp-rs-img rs-lazyload\" data-lazyload=\"\/\/atelier.aadw.lu\/wp-content\/uploads\/2020\/01\/0007-ESC-int-02.jpg\" data-parallax=\"off\" data-no-retina>\n<!---->\t\t\t\t\t\t<\/rs-slide>\n\t\t\t\t\t\t<rs-slide style=\"position: absolute;\" data-key=\"rs-171\" data-title=\"Slide\" data-thumb=\"\/\/atelier.aadw.lu\/wp-content\/uploads\/2020\/01\/0007-ESC-int-01-80x50.jpg\" data-anim=\"adpr:false;\">\n\t\t\t\t\t\t\t<img decoding=\"async\" src=\"\/\/atelier.aadw.lu\/wp-content\/plugins\/revslider\/public\/assets\/assets\/dummy.png\" alt=\"\" title=\"Projets_0007_Eschweiler\" class=\"rev-slidebg tp-rs-img rs-lazyload\" data-lazyload=\"\/\/atelier.aadw.lu\/wp-content\/uploads\/2020\/01\/0007-ESC-int-01.jpg\" data-parallax=\"off\" data-no-retina>\n<!---->\t\t\t\t\t\t<\/rs-slide>\n\t\t\t\t\t\t<rs-slide style=\"position: absolute;\" data-key=\"rs-168\" data-title=\"Slide\" data-thumb=\"\/\/atelier.aadw.lu\/wp-content\/uploads\/2020\/01\/0007-ESC-int-04-80x50.jpg\" data-anim=\"adpr:false;\">\n\t\t\t\t\t\t\t<img decoding=\"async\" src=\"\/\/atelier.aadw.lu\/wp-content\/plugins\/revslider\/public\/assets\/assets\/dummy.png\" alt=\"\" title=\"Projets_0007_Eschweiler\" class=\"rev-slidebg tp-rs-img rs-lazyload\" data-lazyload=\"\/\/atelier.aadw.lu\/wp-content\/uploads\/2020\/01\/0007-ESC-int-04.jpg\" data-parallax=\"off\" data-no-retina>\n<!---->\t\t\t\t\t\t<\/rs-slide>\n\t\t\t\t\t\t<rs-slide style=\"position: absolute;\" data-key=\"rs-169\" data-title=\"Slide\" data-thumb=\"\/\/atelier.aadw.lu\/wp-content\/uploads\/2020\/01\/0007-ESC-int-03-80x50.jpg\" data-anim=\"adpr:false;\">\n\t\t\t\t\t\t\t<img decoding=\"async\" src=\"\/\/atelier.aadw.lu\/wp-content\/plugins\/revslider\/public\/assets\/assets\/dummy.png\" alt=\"\" title=\"Projets_0007_Eschweiler\" class=\"rev-slidebg tp-rs-img rs-lazyload\" data-lazyload=\"\/\/atelier.aadw.lu\/wp-content\/uploads\/2020\/01\/0007-ESC-int-03.jpg\" data-parallax=\"off\" data-no-retina>\n<!---->\t\t\t\t\t\t<\/rs-slide>\n\t\t\t\t\t\t<rs-slide style=\"position: absolute;\" data-key=\"rs-201\" data-title=\"Slide\" data-thumb=\"\/\/atelier.aadw.lu\/wp-content\/uploads\/2020\/02\/0007-ESC-ext-07-80x50.jpg\" data-anim=\"adpr:false;\">\n\t\t\t\t\t\t\t<img decoding=\"async\" src=\"\/\/atelier.aadw.lu\/wp-content\/plugins\/revslider\/public\/assets\/assets\/dummy.png\" alt=\"\" title=\"Projets_0007_Eschweiler\" class=\"rev-slidebg tp-rs-img rs-lazyload\" data-lazyload=\"\/\/atelier.aadw.lu\/wp-content\/uploads\/2020\/02\/0007-ESC-ext-07.jpg\" data-parallax=\"off\" data-no-retina>\n<!---->\t\t\t\t\t\t<\/rs-slide>\n\t\t\t\t\t\t<rs-slide style=\"position: absolute;\" data-key=\"rs-202\" data-title=\"Slide\" data-thumb=\"\/\/atelier.aadw.lu\/wp-content\/uploads\/2020\/02\/0007-ESC-int-08-80x50.jpg\" data-anim=\"adpr:false;\">\n\t\t\t\t\t\t\t<img decoding=\"async\" src=\"\/\/atelier.aadw.lu\/wp-content\/plugins\/revslider\/public\/assets\/assets\/dummy.png\" alt=\"\" title=\"Projets_0007_Eschweiler\" class=\"rev-slidebg tp-rs-img rs-lazyload\" data-lazyload=\"\/\/atelier.aadw.lu\/wp-content\/uploads\/2020\/02\/0007-ESC-int-08.jpg\" data-parallax=\"off\" data-no-retina>\n<!---->\t\t\t\t\t\t<\/rs-slide>\n\t\t\t\t\t\t<rs-slide style=\"position: absolute;\" data-key=\"rs-203\" data-title=\"Slide\" data-thumb=\"\/\/atelier.aadw.lu\/wp-content\/uploads\/2020\/02\/0007-ESC-int-07-80x50.jpg\" data-anim=\"adpr:false;\">\n\t\t\t\t\t\t\t<img decoding=\"async\" src=\"\/\/atelier.aadw.lu\/wp-content\/plugins\/revslider\/public\/assets\/assets\/dummy.png\" alt=\"\" title=\"Projets_0007_Eschweiler\" class=\"rev-slidebg tp-rs-img rs-lazyload\" data-lazyload=\"\/\/atelier.aadw.lu\/wp-content\/uploads\/2020\/02\/0007-ESC-int-07.jpg\" data-parallax=\"off\" data-no-retina>\n<!---->\t\t\t\t\t\t<\/rs-slide>\n\t\t\t\t\t\t<rs-slide style=\"position: absolute;\" data-key=\"rs-204\" data-title=\"Slide\" data-thumb=\"\/\/atelier.aadw.lu\/wp-content\/uploads\/2020\/02\/0007-ESC-int-06-80x50.jpg\" data-anim=\"adpr:false;\">\n\t\t\t\t\t\t\t<img decoding=\"async\" src=\"\/\/atelier.aadw.lu\/wp-content\/plugins\/revslider\/public\/assets\/assets\/dummy.png\" alt=\"\" title=\"Projets_0007_Eschweiler\" class=\"rev-slidebg tp-rs-img rs-lazyload\" data-lazyload=\"\/\/atelier.aadw.lu\/wp-content\/uploads\/2020\/02\/0007-ESC-int-06.jpg\" data-parallax=\"off\" data-no-retina>\n<!---->\t\t\t\t\t\t<\/rs-slide>\n\t\t\t\t\t\t<rs-slide style=\"position: absolute;\" data-key=\"rs-205\" data-title=\"Slide\" data-anim=\"adpr:false;\">\n\t\t\t\t\t\t\t<img decoding=\"async\" src=\"\/\/atelier.aadw.lu\/wp-content\/plugins\/revslider\/public\/assets\/assets\/dummy.png\" alt=\"Slide\" title=\"Projets_0007_Eschweiler\" class=\"rev-slidebg tp-rs-img rs-lazyload\" data-lazyload=\"\/\/atelier.aadw.lu\/wp-content\/plugins\/revslider\/public\/assets\/assets\/transparent.png\" data-parallax=\"off\" data-no-retina>\n<!---->\t\t\t\t\t\t<\/rs-slide>\n\t\t\t\t\t<\/rs-slides>\n\t\t\t\t<\/rs-module>\n\t\t\t\t<script>\n\t\t\t\t\tsetREVStartSize({c: 'SL0024',rl:[1240,1024,778,480],el:[],gw:[1240,1024,778,480],gh:[800,800,500,400],type:'standard',justify:'',layout:'fullwidth',mh:\"0\"});if (window.RS_MODULES!==undefined && window.RS_MODULES.modules!==undefined && window.RS_MODULES.modules[\"SL0024\"]!==undefined) {window.RS_MODULES.modules[\"SL0024\"].once = false;window.revapi11 = undefined;if (window.RS_MODULES.checkMinimal!==undefined) window.RS_MODULES.checkMinimal()}\n\t\t\t\t<\/script>\n\t\t\t<\/rs-module-wrap>\n\t\t\t<!-- END REVOLUTION SLIDER -->\n            <\/div>\n<div  class=\"tatsu-module tatsu-inline-text clearfix tatsu-SJJA_oLDN   \" ><style>.tatsu-SJJA_oLDN .tatsu-inline-text-inner{width: 100%;text-align: left;}.tatsu-SJJA_oLDN.tatsu-inline-text{margin: 0px 0px 10px 0px;}@media only screen and (max-width: 767px) {.tatsu-SJJA_oLDN .tatsu-inline-text-inner{width: 100%;}}<\/style><div class=\"tatsu-inline-text-inner tatsu-align-center\">\n<h5><strong>Restauration, r\u00e9novation et transformation d&rsquo;une ferme 18e s. class\u00e9e S&#038;MN<\/strong><\/h5>\n<h5>\u00a0<\/h5>\n<\/div><\/div><div  class=\"tatsu-module tatsu-inline-text clearfix tatsu-kaHXgmD0y   \" ><style>.tatsu-kaHXgmD0y .tatsu-inline-text-inner{width: 100%;text-align: left;}.tatsu-kaHXgmD0y.tatsu-inline-text{margin: 0px 0px 10px 0px;}@media only screen and (max-width: 767px) {.tatsu-kaHXgmD0y .tatsu-inline-text-inner{width: 100%;}}<\/style><div class=\"tatsu-inline-text-inner tatsu-align-center\">\n<h6><em>Achev\u00e9s en 2008 &#8211; Assainissement \u00e9nerg\u00e9tique CPE \u00ab\u00a0ABB\u00a0\u00bb<\/em><\/h6>\n<h6 style=\"text-align: justify;\">Dans le cadre d&rsquo;une restauration et reconstruction d&rsquo;une ferme class\u00e9e (du 18e si\u00e8cle), tout en conciliant performance \u00e9nerg\u00e9tique et patrimoine b\u00e2ti (et autres d\u00e9fis tels que probl\u00e8mes d&rsquo;isolation, d&rsquo;humidit\u00e9, absence de canalisation, de structure et de stabilit\u00e9 et de lumi\u00e8re naturelle), certificat performance \u00e9nerg\u00e9tique AB, l&rsquo;id\u00e9e premi\u00e8re \u00e9tait de minimiser l&rsquo;intervention architecturale:<\/h6>\n<h6 style=\"text-align: justify;\">Pour le volume en ruines et \u00e0 reconstruire, conserver le caract\u00e8re d\u00e9pendant de la grange par rapport \u00e0 la maison gr\u00e2ce \u00e0 une enveloppe en bois couvrant des modules vitr\u00e9es et sugg\u00e9rant ainsi le moins possible les fonctions int\u00e9rieures. En recr\u00e9eant un passage couvert sous l&rsquo;arc existant, ce grand vide typique pour les fermes a ainsi pu \u00eatre conserv\u00e9 et permis diff\u00e9rents acc\u00e8s discrets aux autres habitations sans dominer l&rsquo;entr\u00e9e principale.<\/h6>\n<h6 style=\"text-align: justify;\">Sur l&rsquo;autre volume, toujours par souci de lumi\u00e8re naturelle, les 2 \u00ab\u00a0schlitz\u00a0\u00bb (failles) verticaux et le \u00ab\u00a0schlitz\u00a0\u00bb horizontal constituent sur la fa\u00e7ade avant la seule intervention, se d\u00e9marquant clairement par leur profondeur et l&rsquo;ombre ainsi port\u00e9e de la fa\u00e7ade de l&rsquo;\u00e9poque permettant d&rsquo;incorporer fonctionnalit\u00e9 et protection solaire.<\/h6>\n<h6 style=\"text-align: justify;\">Les garages ont \u00e9t\u00e9 semi-enterr\u00e9s dans la topographie naturelle du terrain afin de ne pas perturber la vue idyllique sur la ferme &#8211; depuis les jardins de l\u2019\u00e9glise &#8211; qu&rsquo;on souhaitait conserver.<\/h6>\n<h6>\u00a0<\/h6>\n<\/div><\/div><div  class=\"tatsu-shortcode-module tatsu-module tatsu-fMGZj8FHe   \"  >\n<p style=\"text-align: right;\"><script>\/\/ <![CDATA[\r\nfunction goBack() { window.history.back() }\r\n\/\/ ]]><\/script>\r\n<button onclick=\"goBack()\">Retour<\/button>\r\n<style>\r\n      button{\r\n          font-size: 10px;\r\n          font-family: Roboto;\r\n          font-style: Book;\r\n          font-weight: 300;\r\n          padding: 14px;\r\n          margin: 20px 0px 0px 0px;\r\n\/\/          border: none;\r\n\/\/          background-color: Light Green;\r\n\/\/          color: white;\r\n \/\/       border-radius: 3px;\r\n \/\/       box-shadow: 6px 6px 20px 4px rgba(0, 0, 0, 0.3);\r\n          cursor: pointer;\r\n          outline: none;\r\n          transition: 0.2s;\r\n      }\r\n\r\n \/\/     button:hover{\r\n\/\/          transform: scale(1.01);\r\n\/\/          box-shadow: 0px 0px 15px 15px rgba(139, 195, 74, 0.5);\r\n\/\/      }\r\n\/\/      button:active{\r\n \/\/         transform: scale(0.98);\r\n \/\/         box-shadow: 0px 0px 18px 18px rgba(0, 0, 0, 0.3);\r\n\/\/      }\r\n  <\/style><\/p>\n<\/div><\/div><\/div><div class = \"tatsu-column-bg-image-wrap\"><div class = \"tatsu-column-bg-image\" ><\/div><\/div><\/div><style>.tatsu-row > .tatsu-SkoEdjIP4.tatsu-column{width: 100%;}.tatsu-SkoEdjIP4.tatsu-column > .tatsu-column-inner > .tatsu-column-overlay{mix-blend-mode: none;}.tatsu-SkoEdjIP4 > .tatsu-column-inner > .tatsu-top-divider{z-index: 9999;}.tatsu-SkoEdjIP4 > .tatsu-column-inner > .tatsu-bottom-divider{z-index: 9999;}.tatsu-SkoEdjIP4 > .tatsu-column-inner > .tatsu-left-divider{z-index: 9999;}.tatsu-SkoEdjIP4 > .tatsu-column-inner > .tatsu-right-divider{z-index: 9999;}@media only screen and (max-width:1377px) {.tatsu-row > .tatsu-SkoEdjIP4.tatsu-column{width: 100%;}}@media only screen and (min-width:768px) and (max-width: 1024px) {.tatsu-row > .tatsu-SkoEdjIP4.tatsu-column{width: 100%;}}@media only screen and (max-width: 767px) {.tatsu-row > .tatsu-SkoEdjIP4.tatsu-column{width: 100%;}}<\/style><\/div><\/div><\/div><\/div><div class=\"tatsu-section-background-wrap\"><div class = \"tatsu-section-background\" ><\/div><\/div><style>.tatsu-SkZiEds8PE .tatsu-section-pad{padding: 45px 0px 45px 0px;}.tatsu-SkZiEds8PE > .tatsu-bottom-divider{z-index: 9999;}.tatsu-SkZiEds8PE > .tatsu-top-divider{z-index: 9999;}<\/style><\/div>\n","protected":false},"excerpt":{"rendered":"<p><a href=\"https:\/\/atelier.aadw.lu\/?page_id=3465\" class=\"more-link style2-button\">Read More<\/a><\/p>","protected":false},"author":1,"featured_media":0,"parent":0,"menu_order":0,"comment_status":"closed","ping_status":"closed","template":"","meta":{"footnotes":""},"class_list":["post-3465","page","type-page","status-publish","hentry"],"_links":{"self":[{"href":"https:\/\/atelier.aadw.lu\/index.php?rest_route=\/wp\/v2\/pages\/3465","targetHints":{"allow":["GET"]}}],"collection":[{"href":"https:\/\/atelier.aadw.lu\/index.php?rest_route=\/wp\/v2\/pages"}],"about":[{"href":"https:\/\/atelier.aadw.lu\/index.php?rest_route=\/wp\/v2\/types\/page"}],"author":[{"embeddable":true,"href":"https:\/\/atelier.aadw.lu\/index.php?rest_route=\/wp\/v2\/users\/1"}],"replies":[{"embeddable":true,"href":"https:\/\/atelier.aadw.lu\/index.php?rest_route=%2Fwp%2Fv2%2Fcomments&post=3465"}],"version-history":[{"count":6,"href":"https:\/\/atelier.aadw.lu\/index.php?rest_route=\/wp\/v2\/pages\/3465\/revisions"}],"predecessor-version":[{"id":3776,"href":"https:\/\/atelier.aadw.lu\/index.php?rest_route=\/wp\/v2\/pages\/3465\/revisions\/3776"}],"wp:attachment":[{"href":"https:\/\/atelier.aadw.lu\/index.php?rest_route=%2Fwp%2Fv2%2Fmedia&parent=3465"}],"curies":[{"name":"wp","href":"https:\/\/api.w.org\/{rel}","templated":true}]}}