{"id":3453,"date":"2020-01-21T15:37:54","date_gmt":"2020-01-21T14:37:54","guid":{"rendered":"https:\/\/atelier.aadw.lu\/?page_id=3453"},"modified":"2020-02-04T12:19:34","modified_gmt":"2020-02-04T11:19:34","slug":"projets_0015_jla-duplicate-1-3","status":"publish","type":"page","link":"https:\/\/atelier.aadw.lu\/?page_id=3453","title":{"rendered":"Projets_0011_Scheffer"},"content":{"rendered":"<div  class=\"tatsu-SkZiEds8PE tatsu-section    tatsu-clearfix\" data-title=\"\"  data-headerscheme=\"background--dark\"><div class='tatsu-section-pad clearfix' data-padding='{\"d\":\"45px 0px 45px 0px\"}' data-padding-top='45px'><div class=\"tatsu-row-wrap  tatsu-wrap tatsu-row-one-col tatsu-row-has-one-cols tatsu-medium-gutter tatsu-reg-cols  tatsu-clearfix tatsu-BkxsNdiIwN\" ><div  class=\"tatsu-row \" ><div  class=\"tatsu-column  tatsu-column-no-bg tatsu-one-col tatsu-column-image-none tatsu-column-effect-none  tatsu-SkoEdjIP4\"  data-parallax-speed=\"0\" style=\"\"><div class=\"tatsu-column-inner \" ><div class=\"tatsu-column-pad-wrap\"><div class=\"tatsu-column-pad\" >            <div class = \"tatsu-rev-slider-wrap tatsu-module  tatsu-27sO_fGzF\">\n                \n\t\t\t<!-- START 0011 REVOLUTION SLIDER 6.6.14 --><p class=\"rs-p-wp-fix\"><\/p>\n\t\t\t<rs-module-wrap id=\"SL0024_wrapper\" data-source=\"gallery\" style=\"visibility:hidden;background:transparent;padding:0;margin:0px auto;margin-top:0;margin-bottom:0;\">\n\t\t\t\t<rs-module id=\"SL0024\" style=\"\" data-version=\"6.6.14\">\n\t\t\t\t\t<rs-slides style=\"overflow: hidden; position: absolute;\">\n\t\t\t\t\t\t<rs-slide style=\"position: absolute;\" data-key=\"rs-134\" data-title=\"Slide\" data-thumb=\"\/\/atelier.aadw.lu\/wp-content\/uploads\/2020\/01\/0011-SCF-ext-01-80x50.jpg\" data-anim=\"adpr:false;\">\n\t\t\t\t\t\t\t<img decoding=\"async\" src=\"\/\/atelier.aadw.lu\/wp-content\/plugins\/revslider\/public\/assets\/assets\/dummy.png\" alt=\"\" title=\"Projets_0011_Scheffer\" class=\"rev-slidebg tp-rs-img rs-lazyload\" data-lazyload=\"\/\/atelier.aadw.lu\/wp-content\/uploads\/2020\/01\/0011-SCF-ext-01.jpg\" data-parallax=\"off\" data-no-retina>\n<!---->\t\t\t\t\t\t<\/rs-slide>\n\t\t\t\t\t\t<rs-slide style=\"position: absolute;\" data-key=\"rs-132\" data-title=\"Slide\" data-thumb=\"\/\/atelier.aadw.lu\/wp-content\/uploads\/2020\/01\/0011-SCF-ext-03-80x50.jpg\" data-anim=\"adpr:false;\">\n\t\t\t\t\t\t\t<img decoding=\"async\" src=\"\/\/atelier.aadw.lu\/wp-content\/plugins\/revslider\/public\/assets\/assets\/dummy.png\" alt=\"\" title=\"Projets_0011_Scheffer\" class=\"rev-slidebg tp-rs-img rs-lazyload\" data-lazyload=\"\/\/atelier.aadw.lu\/wp-content\/uploads\/2020\/01\/0011-SCF-ext-03.jpg\" data-parallax=\"off\" data-no-retina>\n<!---->\t\t\t\t\t\t<\/rs-slide>\n\t\t\t\t\t\t<rs-slide style=\"position: absolute;\" data-key=\"rs-130\" data-title=\"Slide\" data-thumb=\"\/\/atelier.aadw.lu\/wp-content\/uploads\/2020\/01\/0011-SCF-ext-05-80x50.jpg\" data-anim=\"adpr:false;\">\n\t\t\t\t\t\t\t<img decoding=\"async\" src=\"\/\/atelier.aadw.lu\/wp-content\/plugins\/revslider\/public\/assets\/assets\/dummy.png\" alt=\"\" title=\"Projets_0011_Scheffer\" class=\"rev-slidebg tp-rs-img rs-lazyload\" data-lazyload=\"\/\/atelier.aadw.lu\/wp-content\/uploads\/2020\/01\/0011-SCF-ext-05.jpg\" data-parallax=\"off\" data-no-retina>\n<!---->\t\t\t\t\t\t<\/rs-slide>\n\t\t\t\t\t\t<rs-slide style=\"position: absolute;\" data-key=\"rs-131\" data-title=\"Slide\" data-thumb=\"\/\/atelier.aadw.lu\/wp-content\/uploads\/2020\/01\/0011-SCF-ext-04-80x50.jpg\" data-anim=\"adpr:false;\">\n\t\t\t\t\t\t\t<img decoding=\"async\" src=\"\/\/atelier.aadw.lu\/wp-content\/plugins\/revslider\/public\/assets\/assets\/dummy.png\" alt=\"\" title=\"Projets_0011_Scheffer\" class=\"rev-slidebg tp-rs-img rs-lazyload\" data-lazyload=\"\/\/atelier.aadw.lu\/wp-content\/uploads\/2020\/01\/0011-SCF-ext-04.jpg\" data-parallax=\"off\" data-no-retina>\n<!---->\t\t\t\t\t\t<\/rs-slide>\n\t\t\t\t\t<\/rs-slides>\n\t\t\t\t<\/rs-module>\n\t\t\t\t<script>\n\t\t\t\t\tsetREVStartSize({c: 'SL0024',rl:[1240,1024,778,480],el:[],gw:[1240,1024,778,480],gh:[800,800,500,400],type:'standard',justify:'',layout:'fullwidth',mh:\"0\"});if (window.RS_MODULES!==undefined && window.RS_MODULES.modules!==undefined && window.RS_MODULES.modules[\"SL0024\"]!==undefined) {window.RS_MODULES.modules[\"SL0024\"].once = false;window.revapi7 = undefined;if (window.RS_MODULES.checkMinimal!==undefined) window.RS_MODULES.checkMinimal()}\n\t\t\t\t<\/script>\n\t\t\t<\/rs-module-wrap>\n\t\t\t<!-- END REVOLUTION SLIDER -->\n            <\/div>\n<div  class=\"tatsu-module tatsu-inline-text clearfix tatsu-SJJA_oLDN   \" ><style>.tatsu-SJJA_oLDN .tatsu-inline-text-inner{width: 100%;text-align: left;}.tatsu-SJJA_oLDN.tatsu-inline-text{margin: 0px 0px 10px 0px;}@media only screen and (max-width: 767px) {.tatsu-SJJA_oLDN .tatsu-inline-text-inner{width: 100%;}}<\/style><div class=\"tatsu-inline-text-inner tatsu-align-center\">\n<h5><strong>Immeuble de bureaux &#8211; all\u00e9e Scheffer &#8211; Luxembourg<\/strong><\/h5>\n<\/div><\/div><div  class=\"tatsu-module tatsu-inline-text clearfix tatsu-kaHXgmD0y   \" ><style>.tatsu-kaHXgmD0y .tatsu-inline-text-inner{width: 100%;text-align: left;}.tatsu-kaHXgmD0y.tatsu-inline-text{margin: 0px 0px 10px 0px;}@media only screen and (max-width: 767px) {.tatsu-kaHXgmD0y .tatsu-inline-text-inner{width: 100%;}}<\/style><div class=\"tatsu-inline-text-inner tatsu-align-center\">\n<h6><em>2006<\/em><\/h6>\n<h6 style=\"text-align: justify;\">L\u2019initiateur original du projet, \u00e0 savoir l\u2019occupant de l\u2019\u00e9poque de l\u2019immeuble existant voisin (fa\u00e7ade post-moderniste des ann\u00e9es 80), avait formul\u00e9 le d\u00e9sir d\u2019une \u2018fa\u00e7ade similaire\u2019 pour le nouvel immeuble, pour souligner la \u00ab\u00a0corporate identity\u00a0\u00bb de l\u2019ensemble.<\/h6>\n<h6 style=\"text-align: justify;\">Pour r\u00e9pondre \u00e0 sa demande, nous pouvions au plus offrir \u2018un rappel de l\u2019ancienne fa\u00e7ade\u2019 par 3 \u00e9l\u00e9ments neutres d\u2019\u00e9poque, \u00e0 savoir\u00a0: <br \/>&#8211; les proportions du volume en fa\u00e7ade (gr\u00e2ce \u00e0 la juxtaposition de rapports de proportions r\u00e9p\u00e9t\u00e9es, un dialogue s\u2019\u00e9tablit et se r\u00e9v\u00e8le m\u00eame de loin)<br \/>&#8211; les mat\u00e9riaux (le gr\u00e8s de Jaumont)<br \/>&#8211; la trame (implicitement respect\u00e9e en conservant les m\u00eames niveaux int\u00e9rieurs) que nous avons tent\u00e9s de traduire dans un langage plus contemporain.<\/h6>\n<h6 style=\"text-align: justify;\">La nouvelle fa\u00e7ade est constitu\u00e9e de grandes lamelles de pierre devant un mur rideau permettant une protection solaire. Une jonction vitr\u00e9e souligne le caract\u00e8re jumel\u00e9 tout es respectant les aspects formels d\u2019\u00e9poques diff\u00e9rentes.<\/h6>\n<\/div><\/div><div  class=\"tatsu-shortcode-module tatsu-module tatsu-cUmd_q7nE   \"  >\n<p style=\"text-align: right;\"><script>\/\/ <![CDATA[\r\nfunction goBack() { window.history.back() }\r\n\/\/ ]]><\/script>\r\n<button onclick=\"goBack()\">Retour<\/button>\r\n<style>\r\n      button{\r\n          font-size: 10px;\r\n          font-family: Roboto;\r\n          font-style: Book;\r\n          font-weight: 300;\r\n          padding: 14px;\r\n          margin: 20px 0px 0px 0px;\r\n\/\/          border: none;\r\n\/\/          background-color: Light Green;\r\n\/\/          color: white;\r\n \/\/       border-radius: 3px;\r\n \/\/       box-shadow: 6px 6px 20px 4px rgba(0, 0, 0, 0.3);\r\n          cursor: pointer;\r\n          outline: none;\r\n          transition: 0.2s;\r\n      }\r\n\r\n \/\/     button:hover{\r\n\/\/          transform: scale(1.01);\r\n\/\/          box-shadow: 0px 0px 15px 15px rgba(139, 195, 74, 0.5);\r\n\/\/      }\r\n\/\/      button:active{\r\n \/\/         transform: scale(0.98);\r\n \/\/         box-shadow: 0px 0px 18px 18px rgba(0, 0, 0, 0.3);\r\n\/\/      }\r\n  <\/style><\/p>\n<\/div><\/div><\/div><div class = \"tatsu-column-bg-image-wrap\"><div class = \"tatsu-column-bg-image\" ><\/div><\/div><\/div><style>.tatsu-row > .tatsu-SkoEdjIP4.tatsu-column{width: 100%;}.tatsu-SkoEdjIP4.tatsu-column > .tatsu-column-inner > .tatsu-column-overlay{mix-blend-mode: none;}.tatsu-SkoEdjIP4 > .tatsu-column-inner > .tatsu-top-divider{z-index: 9999;}.tatsu-SkoEdjIP4 > .tatsu-column-inner > .tatsu-bottom-divider{z-index: 9999;}.tatsu-SkoEdjIP4 > .tatsu-column-inner > .tatsu-left-divider{z-index: 9999;}.tatsu-SkoEdjIP4 > .tatsu-column-inner > .tatsu-right-divider{z-index: 9999;}@media only screen and (max-width:1377px) {.tatsu-row > .tatsu-SkoEdjIP4.tatsu-column{width: 100%;}}@media only screen and (min-width:768px) and (max-width: 1024px) {.tatsu-row > .tatsu-SkoEdjIP4.tatsu-column{width: 100%;}}@media only screen and (max-width: 767px) {.tatsu-row > .tatsu-SkoEdjIP4.tatsu-column{width: 100%;}}<\/style><\/div><\/div><\/div><\/div><div class=\"tatsu-section-background-wrap\"><div class = \"tatsu-section-background\" ><\/div><\/div><style>.tatsu-SkZiEds8PE .tatsu-section-pad{padding: 45px 0px 45px 0px;}.tatsu-SkZiEds8PE > .tatsu-bottom-divider{z-index: 9999;}.tatsu-SkZiEds8PE > .tatsu-top-divider{z-index: 9999;}<\/style><\/div>\n","protected":false},"excerpt":{"rendered":"<p><a href=\"https:\/\/atelier.aadw.lu\/?page_id=3453\" class=\"more-link style2-button\">Read More<\/a><\/p>","protected":false},"author":1,"featured_media":0,"parent":0,"menu_order":0,"comment_status":"closed","ping_status":"closed","template":"","meta":{"footnotes":""},"class_list":["post-3453","page","type-page","status-publish","hentry"],"_links":{"self":[{"href":"https:\/\/atelier.aadw.lu\/index.php?rest_route=\/wp\/v2\/pages\/3453","targetHints":{"allow":["GET"]}}],"collection":[{"href":"https:\/\/atelier.aadw.lu\/index.php?rest_route=\/wp\/v2\/pages"}],"about":[{"href":"https:\/\/atelier.aadw.lu\/index.php?rest_route=\/wp\/v2\/types\/page"}],"author":[{"embeddable":true,"href":"https:\/\/atelier.aadw.lu\/index.php?rest_route=\/wp\/v2\/users\/1"}],"replies":[{"embeddable":true,"href":"https:\/\/atelier.aadw.lu\/index.php?rest_route=%2Fwp%2Fv2%2Fcomments&post=3453"}],"version-history":[{"count":6,"href":"https:\/\/atelier.aadw.lu\/index.php?rest_route=\/wp\/v2\/pages\/3453\/revisions"}],"predecessor-version":[{"id":3778,"href":"https:\/\/atelier.aadw.lu\/index.php?rest_route=\/wp\/v2\/pages\/3453\/revisions\/3778"}],"wp:attachment":[{"href":"https:\/\/atelier.aadw.lu\/index.php?rest_route=%2Fwp%2Fv2%2Fmedia&parent=3453"}],"curies":[{"name":"wp","href":"https:\/\/api.w.org\/{rel}","templated":true}]}}