{"id":3169,"date":"2019-03-13T16:15:54","date_gmt":"2019-03-13T15:15:54","guid":{"rendered":"https:\/\/atelier.aadw.lu\/?page_id=3169"},"modified":"2020-02-10T11:27:07","modified_gmt":"2020-02-10T10:27:07","slug":"atelier","status":"publish","type":"page","link":"https:\/\/atelier.aadw.lu\/?page_id=3169","title":{"rendered":"Atelier"},"content":{"rendered":"<div  class=\"tatsu-SJxh95UvV tatsu-section    tatsu-clearfix\" data-title=\"Team 1\"  data-headerscheme=\"background--dark\"><div class='tatsu-section-pad clearfix' data-padding='{\"d\":\"40px 0px 40px 0px\"}' data-padding-top='40px'><div class=\"tatsu-row-wrap  tatsu-wrap tatsu-row-one-col tatsu-row-has-one-cols tatsu-medium-gutter tatsu-reg-cols  tatsu-clearfix tatsu-Hyxl259LD4\" ><div  class=\"tatsu-row \" ><div  class=\"tatsu-column  tatsu-column-no-bg tatsu-one-col tatsu-column-image-none tatsu-column-effect-none  tatsu-ryZgn5q8D4\"  data-parallax-speed=\"0\" style=\"\"><div class=\"tatsu-column-inner \" ><div class=\"tatsu-column-pad-wrap\"><div class=\"tatsu-column-pad\" ><div  class=\"tatsu-module tatsu-inline-text clearfix tatsu-Z2RxCjxch   \" ><style>.tatsu-Z2RxCjxch .tatsu-inline-text-inner{width: 100%;text-align: left;}@media only screen and (max-width: 767px) {.tatsu-Z2RxCjxch .tatsu-inline-text-inner{width: 100%;}}<\/style><div class=\"tatsu-inline-text-inner tatsu-align-center\">\n<h3 style=\"text-align: center;\"><strong>L&rsquo;Atelier<\/strong><\/h3>\n<\/div><\/div><div  class=\"tatsu-module tatsu-inline-text clearfix tatsu-ORderyK4P   \" ><style>.tatsu-ORderyK4P .tatsu-inline-text-inner{width: 65%;text-align: left;}<\/style><div class=\"tatsu-inline-text-inner tatsu-align-center\">\n<h6 style=\"text-align: center;\">\u00a0<\/h6>\n<h6 style=\"text-align: center;\">Etabli dans l&rsquo;aile droite d&rsquo;une ferme du 18e si\u00e8cle, nous vous accueillons dans un cadre agr\u00e9able et lumineux, entour\u00e9 d&rsquo;une campagne verdoyante et paisible.<\/h6>\n<\/div><\/div><div  class=\"tatsu-single-image tatsu-module align-center tatsu-image-lazyload tatsu-owCvgx64t  \" ><div class=\"tatsu-single-image-inner \" style=\"width : 905px;\" ><div class = \"tatsu-single-image-padding-wrap\" style = \"padding-bottom : 132.59668508287%;\" ><\/div><img class = \"tatsu-gradient-border\" alt = \"\" title = \"0001 &#8211; BUR int 01\" data-src = \"https:\/\/atelier.aadw.lu\/wp-content\/uploads\/2020\/02\/0001-BUR-int-01.jpg\" src =\"data:image\/png;base64,iVBORw0KGgoAAAANSUhEUgAAAAEAAAABCAQAAAC1HAwCAAAAC0lEQVR42mNkYAAAAAYAAjCB0C8AAAAASUVORK5CYII=\"  \/><\/div><style>.tatsu-owCvgx64t{margin: 0px 0px 0px 0px;}.tatsu-owCvgx64t .tatsu-single-image-inner{border-style: solid;max-width: 40%;}.tatsu-owCvgx64t.tatsu-single-image{transform: translate3d(0px,0px, 0);}<\/style><\/div><div  class=\"tatsu-module tatsu-inline-text clearfix tatsu-HyGe3c9IDV   \" ><style>.tatsu-HyGe3c9IDV .tatsu-inline-text-inner{width: 65%;text-align: left;}<\/style><div class=\"tatsu-inline-text-inner tatsu-align-center\">\n<h6 style=\"text-align: center;\">&nbsp;<\/h6>\n<h6 style=\"text-align: center;\">L&rsquo;&eacute;quipe de l&rsquo;Atelier est constitu&eacute;e de quatre architectes, un ing&eacute;nieur et une secr&eacute;taire.<\/h6>\n<\/div><\/div><\/div><\/div><div class = \"tatsu-column-bg-image-wrap\"><div class = \"tatsu-column-bg-image\" ><\/div><\/div><\/div><style>.tatsu-row > .tatsu-ryZgn5q8D4.tatsu-column{width: 100%;}.tatsu-ryZgn5q8D4.tatsu-column > .tatsu-column-inner > .tatsu-column-overlay{mix-blend-mode: none;}.tatsu-ryZgn5q8D4 > .tatsu-column-inner > .tatsu-top-divider{z-index: 9999;}.tatsu-ryZgn5q8D4 > .tatsu-column-inner > .tatsu-bottom-divider{z-index: 9999;}.tatsu-ryZgn5q8D4 > .tatsu-column-inner > .tatsu-left-divider{z-index: 9999;}.tatsu-ryZgn5q8D4 > .tatsu-column-inner > .tatsu-right-divider{z-index: 9999;}<\/style><\/div><\/div><\/div><div class=\"tatsu-row-wrap  tatsu-wrap tatsu-row-one-col tatsu-row-has-one-cols tatsu-medium-gutter tatsu-reg-cols  tatsu-clearfix tatsu-Bk5g3qcIvV\" ><div  class=\"tatsu-row \" ><div  class=\"tatsu-column  tatsu-column-no-bg tatsu-one-col tatsu-column-image-none tatsu-column-effect-none  tatsu-Byjg3c98PN\"  data-parallax-speed=\"0\" style=\"\"><div class=\"tatsu-column-inner \" ><div class=\"tatsu-column-pad-wrap\"><div class=\"tatsu-column-pad\" ><div  class=\"tatsu-module tatsu-normal-button tatsu-button-wrap align-block block-center  tatsu-ryng2cc8D4   \"><a class=\"tatsu-shortcode smallbtn tatsu-button left-icon    bg-animation-none  \" href=\"https:\/\/atelier.aadw.lu\/?page_id=2888\" style= \"\"  aria-label=\"Nous contacter\" data-gdpr-atts={} ><i class=\"tatsu-icon icon-icon_phone\"><\/i>Nous contacter<\/a><style>.tatsu-ryng2cc8D4 .tatsu-button{background-color: rgba(121,121,121,1);color: #ffffff ;border-width: 02px;}.tatsu-ryng2cc8D4 .tatsu-button:hover{background-color: rgba(126,211,33,1);}<\/style><\/div><\/div><\/div><div class = \"tatsu-column-bg-image-wrap\"><div class = \"tatsu-column-bg-image\" ><\/div><\/div><\/div><style>.tatsu-row > .tatsu-Byjg3c98PN.tatsu-column{width: 100%;}.tatsu-Byjg3c98PN.tatsu-column > .tatsu-column-inner > .tatsu-column-overlay{mix-blend-mode: none;}.tatsu-Byjg3c98PN > .tatsu-column-inner > .tatsu-top-divider{z-index: 9999;}.tatsu-Byjg3c98PN > .tatsu-column-inner > .tatsu-bottom-divider{z-index: 9999;}.tatsu-Byjg3c98PN > .tatsu-column-inner > .tatsu-left-divider{z-index: 9999;}.tatsu-Byjg3c98PN > .tatsu-column-inner > .tatsu-right-divider{z-index: 9999;}<\/style><\/div><\/div><\/div><\/div><div class=\"tatsu-section-background-wrap\"><div class = \"tatsu-section-background\" ><\/div><\/div><style>.tatsu-SJxh95UvV.tatsu-section{background-color: rgba(255,255,255,1);}.tatsu-SJxh95UvV .tatsu-section-pad{padding: 40px 0px 40px 0px;}.tatsu-SJxh95UvV > .tatsu-bottom-divider{z-index: 9999;}.tatsu-SJxh95UvV > .tatsu-top-divider{z-index: 9999;}<\/style><\/div>\n","protected":false},"excerpt":{"rendered":"<p><a href=\"https:\/\/atelier.aadw.lu\/?page_id=3169\" class=\"more-link style2-button\">Read More<\/a><\/p>","protected":false},"author":1,"featured_media":0,"parent":0,"menu_order":0,"comment_status":"closed","ping_status":"closed","template":"","meta":{"footnotes":""},"class_list":["post-3169","page","type-page","status-publish","hentry"],"_links":{"self":[{"href":"https:\/\/atelier.aadw.lu\/index.php?rest_route=\/wp\/v2\/pages\/3169","targetHints":{"allow":["GET"]}}],"collection":[{"href":"https:\/\/atelier.aadw.lu\/index.php?rest_route=\/wp\/v2\/pages"}],"about":[{"href":"https:\/\/atelier.aadw.lu\/index.php?rest_route=\/wp\/v2\/types\/page"}],"author":[{"embeddable":true,"href":"https:\/\/atelier.aadw.lu\/index.php?rest_route=\/wp\/v2\/users\/1"}],"replies":[{"embeddable":true,"href":"https:\/\/atelier.aadw.lu\/index.php?rest_route=%2Fwp%2Fv2%2Fcomments&post=3169"}],"version-history":[{"count":10,"href":"https:\/\/atelier.aadw.lu\/index.php?rest_route=\/wp\/v2\/pages\/3169\/revisions"}],"predecessor-version":[{"id":3836,"href":"https:\/\/atelier.aadw.lu\/index.php?rest_route=\/wp\/v2\/pages\/3169\/revisions\/3836"}],"wp:attachment":[{"href":"https:\/\/atelier.aadw.lu\/index.php?rest_route=%2Fwp%2Fv2%2Fmedia&parent=3169"}],"curies":[{"name":"wp","href":"https:\/\/api.w.org\/{rel}","templated":true}]}}