{"id":2888,"date":"2017-12-11T10:27:37","date_gmt":"2017-12-11T10:27:37","guid":{"rendered":"http:\/\/brandexponents.com\/oshin\/v31\/?page_id=2888"},"modified":"2022-03-21T18:09:54","modified_gmt":"2022-03-21T17:09:54","slug":"contact","status":"publish","type":"page","link":"https:\/\/atelier.aadw.lu\/?page_id=2888","title":{"rendered":"Contact"},"content":{"rendered":"<div  class=\"tatsu-oxlmjnX2I9 tatsu-section  tatsu-bg-overlay   tatsu-clearfix\" data-title=\"\"  data-headerscheme=\"background--dark\"><div class='tatsu-section-pad clearfix' data-padding='{\"d\":\"40px 0px 40px 0px\"}' data-padding-top='40px'><div class=\"tatsu-row-wrap  tatsu-wrap tatsu-row-one-col tatsu-row-has-one-cols tatsu-medium-gutter tatsu-reg-cols  tatsu-clearfix tatsu-FOns3P4jie\" ><div  class=\"tatsu-row \" ><div  class=\"tatsu-column  tatsu-bg-overlay tatsu-one-col tatsu-column-image-none tatsu-column-effect-none  tatsu-kcM9Zw9QQ\"  data-parallax-speed=\"0\" style=\"\"><div class=\"tatsu-column-inner \" ><div class=\"tatsu-column-pad-wrap\"><div class=\"tatsu-column-pad\" ><div  class=\"tatsu-module tatsu-inline-text clearfix tatsu-fqp8z3b11qeb92l0   \" ><style>.tatsu-fqp8z3b11qeb92l0 .tatsu-inline-text-inner{width: 100%;text-align: left;}<\/style><div class=\"tatsu-inline-text-inner tatsu-align-center\">\n<h3><span style=\"color: #000000;\"><strong>Nous contacter<\/strong><br \/><\/span><\/h3>\n<\/div><\/div><div  class=\"tatsu-module tatsu-inline-text clearfix tatsu-fqp8z3b18u2bkfkf   \" ><style>.tatsu-fqp8z3b18u2bkfkf .tatsu-inline-text-inner{width: 100%;text-align: left;}.tatsu-fqp8z3b18u2bkfkf.tatsu-inline-text{margin: 0px 0px 23px 0px;}<\/style><div class=\"tatsu-inline-text-inner tatsu-align-center\">\n<h4>Informations<\/h4>\n<\/div><\/div><ul  class=\"tatsu-module tatsu-list tatsu-u9bvM2pdO    tatsu-list-vertical-align-center tatsu-lists-icon\" ><style>.tatsu-u9bvM2pdO{margin: 0px 0px 15px 0px;}.tatsu-u9bvM2pdO .tatsu-list-content::before, .tatsu-u9bvM2pdO .tatsu-icon{color: rgba(34,147,215,1) ;}<\/style><li  class=\"tatsu-list-content tatsu-eLejeeF7jW   \" ><div class=\"tatsu-list-icon-wrap\" ><i class=\"tatsu-icon icon-icon_phone \"><\/i><\/div><div class=\"tatsu-list-inner\">\n<h6><a style=\"color: #000000;\" href=\"tel:+35227722021\"><span style=\"font-size: 10.5pt;\">+352 27 72 20 21<\/span><\/a><\/h6>\n<\/div><style>.tatsu-eLejeeF7jW .tatsu-icon, .tatsu-eLejeeF7jW.tatsu-list-content::before{color: rgba(121,121,121,1) ;}.tatsu-eLejeeF7jW{border-style: solid;}<\/style><\/li><li  class=\"tatsu-list-content tatsu-srGmmtzhMm   \" ><div class=\"tatsu-list-icon-wrap\" ><i class=\"tatsu-icon icon-email \"><\/i><\/div><div class=\"tatsu-list-inner\">\n<h6><a style=\"color: #000000;\" href=\"mailto:atelier@aadw.lu\"><span style=\"font-size: 11pt;\">atelier@aadw.lu<\/span><\/a><\/h6>\n<\/div><style>.tatsu-srGmmtzhMm .tatsu-icon, .tatsu-srGmmtzhMm.tatsu-list-content::before{color: rgba(121,121,121,1) ;}.tatsu-srGmmtzhMm{border-style: solid;}<\/style><\/li><li  class=\"tatsu-list-content tatsu-HXia-nwhcA   \" ><div class=\"tatsu-list-icon-wrap\" ><i class=\"tatsu-icon icon-icon_pin \"><\/i><\/div><div class=\"tatsu-list-inner\">\n<h6><a style=\"color: #000000;\" href=\"https:\/\/goo.gl\/maps\/QnvtPwbQL4VeyEBZ6\" target=\"_blank\" rel=\"noopener noreferrer\"><span style=\"font-size: 11pt;\">3, rue de l&rsquo;\u00e9cole &#8211; L6235 &#8211; Beidweiler &#8211; GD Luxembourg<\/span><\/a><\/h6>\n<\/div><style>.tatsu-HXia-nwhcA .tatsu-icon, .tatsu-HXia-nwhcA.tatsu-list-content::before{color: rgba(121,121,121,1) ;}.tatsu-HXia-nwhcA{border-style: solid;}<\/style><\/li><li  class=\"tatsu-list-content tatsu-qkCdiuvgKe   \" ><div class=\"tatsu-list-icon-wrap\" ><i class=\"tatsu-icon icon-icon_headphones \"><\/i><\/div><div class=\"tatsu-list-inner\">\n<h6><a style=\"color: #000000;\" href=\"https:\/\/open.spotify.com\/playlist\/5k7wHwkvEtd92cmYzytgTo?si=1AMOL1ywQdCzqpOpz8seLA\" target=\"_blank\" rel=\"noopener noreferrer\"><span style=\"font-size: 11pt;\">Lien Playlist spotify<\/span><\/a><\/h6>\n<\/div><style>.tatsu-qkCdiuvgKe .tatsu-icon, .tatsu-qkCdiuvgKe.tatsu-list-content::before{color: rgba(121,121,121,1) ;}.tatsu-qkCdiuvgKe{border-style: solid;}<\/style><\/li><\/ul><div class=\"tatsu-row-wrap  tatsu-row-has-one-half tatsu-row-has-three-cols tatsu-medium-gutter tatsu-reg-cols tatsu-inner-row-wrap  tatsu-clearfix tatsu-MmDLC2JSwr\" ><div  class=\"tatsu-row \" ><div  class=\"tatsu-column  tatsu-bg-overlay tatsu-one-half tatsu-column-image- tatsu-column-effect-  tatsu-vCupFjBxb\"  data-parallax-speed=\"0\" style=\"\"><div class=\"tatsu-column-inner \" ><div class=\"tatsu-column-pad-wrap\"><div class=\"tatsu-column-pad\" ><div  class=\"tatsu-shortcode-module tatsu-module tatsu-MmzIPQqRS   \"  ><style type=\"text\/css\" id=\"gmpMapStyles_2_38244\">\r\n\t#google_map_easy_2_38244 {\r\n        width: 100%;\r\n        height: 400px;\r\n\t\t\t\t\t\t    }\r\n\t#gmapControlsNum_2_38244 {\r\n\t\twidth:100%\t}\r\n\t.gmpMapDetailsContainer#gmpMapDetailsContainer_2_38244 {\r\n\t\theight:400px;\r\n\t}\r\n\t.gmp_MapPreview#google_map_easy_2_38244 {\r\n\t\t\/*position:absolute;*\/\r\n\t\twidth: 100%;\r\n\t}\r\n\t#mapConElem_2_38244{\r\n\t\twidth: 100%\t}\r\n    .gm-style .gm-style-iw-c{\r\n        padding: 12px!important;\r\n    }\r\n\t    <\/style>\r\n <div class=\"gmp_map_opts\" id=\"mapConElem_2_38244\" data-id=\"2\" data-view-id=\"2_38244\" > <div class=\"gmpMapDetailsContainer\" id=\"gmpMapDetailsContainer_2_38244\"> <i class=\"gmpKMLLayersPreloader fa fa-spinner fa-spin\" aria-hidden=\"true\" style=\"display: none;\"><\/i> <div class=\"gmp_MapPreview \" id=\"google_map_easy_2_38244\"><\/div> <\/div> <div class=\"gmpMapMarkerFilters\" id=\"gmpMapMarkerFilters_2_38244\"> <\/div> <div class=\"gmpMapProControlsCon\" id=\"gmpMapProControlsCon_2_38244\"> <a title=\"WordPress Map Plugin\" style=\"display:none;\" href=\"https:\/\/supsystic.com\/plugins\/google-maps-plugin\/?utm_medium=love_link_hide\" target=\"_blank\">WordPress Map Plugin<\/a><div style=\"clear: both;\"><\/div> <\/div> <div class=\"gmpMapProDirectionsCon\" id=\"gmpMapProDirectionsCon_2_38244\" > <\/div> <div class=\"gmpMapProKmlFilterCon\" id=\"gmpMapProKmlFilterCon_2_38244\" > <\/div> <div class=\"gmpSocialSharingShell gmpSocialSharingShell_2_38244\"> <\/div> <div style=\"clear: both;\"><\/div> <\/div> <br \/>\n<\/div><\/div><\/div><div class = \"tatsu-column-bg-image-wrap\"><div class = \"tatsu-column-bg-image\" ><\/div><\/div><div class=\"tatsu-overlay tatsu-column-overlay tatsu-animate-none\" ><\/div><\/div><style>.tatsu-row > .tatsu-vCupFjBxb.tatsu-column{width: 50%;}.tatsu-vCupFjBxb.tatsu-column > .tatsu-column-inner > .tatsu-column-overlay{mix-blend-mode: normal;}.tatsu-vCupFjBxb > .tatsu-column-inner > .tatsu-top-divider{z-index: 9999;}.tatsu-vCupFjBxb > .tatsu-column-inner > .tatsu-bottom-divider{z-index: 9999;}.tatsu-vCupFjBxb > .tatsu-column-inner > .tatsu-left-divider{z-index: 9999;}.tatsu-vCupFjBxb > .tatsu-column-inner > .tatsu-right-divider{z-index: 9999;}@media only screen and (max-width:1377px) {.tatsu-row > .tatsu-vCupFjBxb.tatsu-column{width: 50%;}}@media only screen and (min-width:768px) and (max-width: 1024px) {.tatsu-row > .tatsu-vCupFjBxb.tatsu-column{width: 50%;}}@media only screen and (max-width: 767px) {.tatsu-row > .tatsu-vCupFjBxb.tatsu-column{width: 100%;}}<\/style><\/div><div  class=\"tatsu-column  tatsu-bg-overlay tatsu-one-fourth tatsu-column-image- tatsu-column-effect-  tatsu-bVXJu5aFxX\"  data-parallax-speed=\"0\" style=\"\"><div class=\"tatsu-column-inner \" ><div class=\"tatsu-column-pad-wrap\"><div class=\"tatsu-column-pad\" ><div  class=\"tatsu-module tatsu-inline-text clearfix tatsu-AyGMcRSt5   \" ><style>.tatsu-AyGMcRSt5 .tatsu-inline-text-inner{width: 100%;text-align: left;}@media only screen and (max-width: 767px) {.tatsu-AyGMcRSt5 .tatsu-inline-text-inner{width: 100%;}}<\/style><div class=\"tatsu-inline-text-inner tatsu-align-center\">\n<h4>Horaires<\/h4>\n<\/div><\/div><div  class=\"tatsu-module tatsu-inline-text clearfix tatsu-bWxXW-cDs   \" ><style>.tatsu-bWxXW-cDs .tatsu-inline-text-inner{width: 100%;text-align: left;}@media only screen and (max-width: 767px) {.tatsu-bWxXW-cDs .tatsu-inline-text-inner{width: 100%;}}<\/style><div class=\"tatsu-inline-text-inner tatsu-align-center\">\n<h6 class=\"IiXf4c \"><span class=\"sub_title h0eIxc\"><strong>Lundi<\/strong><span class=\"VZrBSc\"><br \/><\/span><\/span><span class=\"body h0eIxc sub_title\"><strong>Mardi<\/strong><span class=\"VZrBSc\"><br \/><\/span><\/span><span class=\"body h0eIxc sub_title\"><strong>Mercredi<\/strong><span class=\"VZrBSc\"><br \/><\/span><\/span><span class=\"body h0eIxc sub_title\"><strong>Jeudi<\/strong><span class=\"VZrBSc\"><br \/><\/span><\/span><span class=\"body h0eIxc sub_title\"><strong>Vendredi<\/strong><span class=\"VZrBSc\"><br \/><\/span><\/span><span class=\"body h0eIxc sub_title\"><strong>Samedi<\/strong><span class=\"VZrBSc\"><br \/><\/span><\/span><span class=\"body h0eIxc sub_title\"><strong>Dimanche<\/strong><\/span><\/h6>\n<p>\u00a0<\/p>\n<\/div><\/div><\/div><\/div><div class = \"tatsu-column-bg-image-wrap\"><div class = \"tatsu-column-bg-image\" ><\/div><\/div><div class=\"tatsu-overlay tatsu-column-overlay tatsu-animate-none\" ><\/div><\/div><style>.tatsu-row > .tatsu-bVXJu5aFxX.tatsu-column{width: 13.8%;}.tatsu-bVXJu5aFxX.tatsu-column > .tatsu-column-inner > .tatsu-column-overlay{mix-blend-mode: normal;}.tatsu-bVXJu5aFxX > .tatsu-column-inner > .tatsu-top-divider{z-index: 9999;}.tatsu-bVXJu5aFxX > .tatsu-column-inner > .tatsu-bottom-divider{z-index: 9999;}.tatsu-bVXJu5aFxX > .tatsu-column-inner > .tatsu-left-divider{z-index: 9999;}.tatsu-bVXJu5aFxX > .tatsu-column-inner > .tatsu-right-divider{z-index: 9999;}@media only screen and (max-width:1377px) {.tatsu-row > .tatsu-bVXJu5aFxX.tatsu-column{width: 25%;}}@media only screen and (min-width:768px) and (max-width: 1024px) {.tatsu-row > .tatsu-bVXJu5aFxX.tatsu-column{width: 25%;}}@media only screen and (max-width: 767px) {.tatsu-row > .tatsu-bVXJu5aFxX.tatsu-column{width: 100%;}}<\/style><\/div><div  class=\"tatsu-column  tatsu-bg-overlay tatsu-one-fourth tatsu-column-image- tatsu-column-effect-  tatsu-dXmkd9hvsA\"  data-parallax-speed=\"0\" style=\"\"><div class=\"tatsu-column-inner \" ><div class=\"tatsu-column-pad-wrap\"><div class=\"tatsu-column-pad\" ><div  class=\"tatsu-module tatsu-inline-text clearfix tatsu-cYACWMEZK   \" ><style>.tatsu-cYACWMEZK .tatsu-inline-text-inner{width: 100%;text-align: left;}@media only screen and (max-width: 767px) {.tatsu-cYACWMEZK .tatsu-inline-text-inner{width: 100%;}}<\/style><div class=\"tatsu-inline-text-inner tatsu-align-center\">\n<h4>\u00a0<\/h4>\n<\/div><\/div><div  class=\"tatsu-module tatsu-inline-text clearfix tatsu-Nj8gRZLQ5   \" ><style>.tatsu-Nj8gRZLQ5 .tatsu-inline-text-inner{width: 100%;text-align: left;}.tatsu-Nj8gRZLQ5.tatsu-inline-text{margin: 0px 0px 30px -48px;}@media only screen and (max-width: 767px) {.tatsu-Nj8gRZLQ5 .tatsu-inline-text-inner{width: 100%;}}<\/style><div class=\"tatsu-inline-text-inner tatsu-align-center\">\n<h6 class=\"IiXf4c \"><span class=\"sub_title h0eIxc\"><span class=\"VZrBSc\">08:30 &#8211; 18:30<br \/><\/span><\/span><span class=\"body h0eIxc sub_title\"><span class=\"VZrBSc\">08:30\u00a0&#8211; 18:30<br \/><\/span><\/span><span class=\"body h0eIxc sub_title\"><span class=\"VZrBSc\">08:30\u00a0&#8211; 18:30<br \/><\/span><\/span><span class=\"body h0eIxc sub_title\"><span class=\"VZrBSc\">08:30 &#8211; 18:30<br \/><\/span><\/span><span class=\"body h0eIxc sub_title\"><span class=\"VZrBSc\">08:30 &#8211; 18:30<br \/><\/span><\/span><span class=\"body h0eIxc sub_title\"><span class=\"VZrBSc\">Ferm\u00e9<br \/><\/span><\/span><span class=\"body h0eIxc sub_title\"><span class=\"VZrBSc\">Ferm\u00e9<\/span><\/span><\/h6>\n<\/div><\/div><\/div><\/div><div class = \"tatsu-column-bg-image-wrap\"><div class = \"tatsu-column-bg-image\" ><\/div><\/div><div class=\"tatsu-overlay tatsu-column-overlay tatsu-animate-none\" ><\/div><\/div><style>.tatsu-row > .tatsu-dXmkd9hvsA.tatsu-column{width: 25%;}.tatsu-dXmkd9hvsA.tatsu-column > .tatsu-column-inner > .tatsu-column-overlay{mix-blend-mode: normal;}.tatsu-dXmkd9hvsA > .tatsu-column-inner > .tatsu-top-divider{z-index: 9999;}.tatsu-dXmkd9hvsA > .tatsu-column-inner > .tatsu-bottom-divider{z-index: 9999;}.tatsu-dXmkd9hvsA > .tatsu-column-inner > .tatsu-left-divider{z-index: 9999;}.tatsu-dXmkd9hvsA > .tatsu-column-inner > .tatsu-right-divider{z-index: 9999;}@media only screen and (max-width:1377px) {.tatsu-row > .tatsu-dXmkd9hvsA.tatsu-column{width: 25%;}}@media only screen and (min-width:768px) and (max-width: 1024px) {.tatsu-row > .tatsu-dXmkd9hvsA.tatsu-column{width: 25%;}}@media only screen and (max-width: 767px) {.tatsu-row > .tatsu-dXmkd9hvsA.tatsu-column{width: 100%;}}<\/style><\/div><\/div><\/div><div  class=\"tatsu-module tatsu-inline-text clearfix tatsu-fqp8z3b1v42rku   \" ><style>.tatsu-fqp8z3b1v42rku .tatsu-inline-text-inner{width: 100%;text-align: left;}<\/style><div class=\"tatsu-inline-text-inner tatsu-align-center\">\n<h4>Recrutement<\/h4>\n<blockquote>\n<h6>Nous offrons diff\u00e9rentes opportunit\u00e9s d&#8217;emplois pour mener \u00e0 bien nos nombreux futurs projets d&rsquo;architecture. <br \/>Vous \u00eates passion\u00e9, exigeant, m\u00e9ticuleux et ambitieux dans la construction de b\u00e2timents \u00ab\u00a0eco friendly\u00a0\u00bb et soutenable.<\/h6>\n<h6><em>Envoyez votre CV et lettre de motivation \u00e0 <a href=\"mailto:recrutement@aadw.lu\" target=\"_blank\" rel=\"noopener noreferrer\"><span style=\"text-decoration: underline;\">recrutement@aadw.lu<\/span><\/a> et nous vous r\u00e9pondrons dans le plus brefs d\u00e9lais.<\/em><\/h6>\n<\/blockquote>\n<\/div><\/div><div  class=\"tatsu-module tatsu-inline-text clearfix tatsu-YLGrIkNVr   \" ><style>.tatsu-YLGrIkNVr .tatsu-inline-text-inner{width: 100%;text-align: left;}<\/style><div class=\"tatsu-inline-text-inner tatsu-align-center\">\n<h4>Postes \u00e0 pourvoir<\/h4>\n<ul>\n<li>\n<h6><strong>un(e) architecte exp\u00e9riment\u00e9(e) min. 5 ans pour toutes les phases de projet, en particulier<br \/><\/strong>\u00e0 l&rsquo;aise dans les phases d&rsquo;ex\u00e9cutions et de d\u00e9tails, l&rsquo;\u00e9laboration de bordereaux et le suivi de chantier, ayant des comp\u00e9tences techniques et un int\u00e9r\u00eat affirm\u00e9 pour les \u00e9nergies renouvelables.<br \/>Le poste demande une certaine volont\u00e9 d&rsquo;autonomie, un esprit analytique, une m\u00e9thode de travail structur\u00e9e, tout en int\u00e9grant une capacit\u00e9 de flexibilit\u00e9 et de communication.<br \/>La ma\u00eetrise d&rsquo;Archicad est indispensable.<\/h6>\n<\/li>\n<\/ul>\n<ul>\n<li>\n<h6><strong>Un(e) architecte junior ou dessinateur (-trice)<br \/><\/strong>Ma\u00eetrise d&rsquo;Archicad, Sketchup et logiciels d&rsquo;imagerie PAO,<br \/>passionn\u00e9, communicatif, ouvert \u00e0 l&rsquo;apprentissage, capable de travailler en \u00e9quipe et soucieux du d\u00e9tail,<br \/>l&rsquo;exp\u00e9rience en mati\u00e8re de dossiers d&rsquo;autorisation, d&rsquo;ex\u00e9cution et de soumission est un plus,<br \/>besoin inn\u00e9 de la cr\u00e9ation est bienvenu et compr\u00e9hension pour les d\u00e9sirs insatiables d&rsquo;\u00e9tudier des hypoth\u00e8ses<br \/>possibilit\u00e9 d&rsquo;\u00e9volution professionnelle et de suivis de chantier.<\/h6>\n<\/li>\n<\/ul>\n<h6><strong><span style=\"text-decoration: underline;\">Connaissances linguistiques\u00a0:<\/span><br \/><\/strong><\/h6>\n<h6><span class=\"is-21\">Id\u00e9alement, ma\u00eetrise du fran\u00e7ais ou de l&rsquo;allemand, et, de bonnes bases en allemand ou en fran\u00e7ais.<\/span><\/h6>\n<h6><span style=\"text-decoration: underline;\"><strong>Nous offrons\u00a0:<\/strong><\/span><\/h6>\n<h6>Un emploi \u00e0 dur\u00e9e ind\u00e9termin\u00e9e au sein d&rsquo;une petite \u00e9quipe, o\u00f9 la motivation et le dialogue sont notre base de travail, toujours \u00e0 la recherche d&rsquo;une voie soutenable, et o\u00f9 le soin du d\u00e9tail ne reste pas qu&rsquo;une ambition.<\/h6>\n<h6>Nos projets se situent autant dans la r\u00e9novation, la restauration, la r\u00e9habilitation et la transformation que dans la nouvelle construction.<\/h6>\n<h6>L&rsquo;\u00e9quipe est une petite structure engag\u00e9e qui appr\u00e9cie la complexit\u00e9 comme d\u00e9fi avec des projets pointus et \u00e0 la pointe du progr\u00e8s.<\/h6>\n<h6>L&rsquo;Atelier se trouve dans une campagne verdoyante et paisible.<\/h6>\n<\/div><\/div><\/div><\/div><div class = \"tatsu-column-bg-image-wrap\"><div class = \"tatsu-column-bg-image\" ><\/div><\/div><div class=\"tatsu-overlay tatsu-column-overlay tatsu-animate-none\" ><\/div><\/div><style>.tatsu-row > .tatsu-kcM9Zw9QQ.tatsu-column{width: 100%;}.tatsu-kcM9Zw9QQ.tatsu-column > .tatsu-column-inner > .tatsu-column-overlay{mix-blend-mode: normal;}.tatsu-kcM9Zw9QQ > .tatsu-column-inner > .tatsu-top-divider{z-index: 9999;}.tatsu-kcM9Zw9QQ > .tatsu-column-inner > .tatsu-bottom-divider{z-index: 9999;}.tatsu-kcM9Zw9QQ > .tatsu-column-inner > .tatsu-left-divider{z-index: 9999;}.tatsu-kcM9Zw9QQ > .tatsu-column-inner > .tatsu-right-divider{z-index: 9999;}@media only screen and (max-width:1377px) {.tatsu-row > .tatsu-kcM9Zw9QQ.tatsu-column{width: 100%;}}@media only screen and (min-width:768px) and (max-width: 1024px) {.tatsu-row > .tatsu-kcM9Zw9QQ.tatsu-column{width: 100%;}}@media only screen and (max-width: 767px) {.tatsu-row > .tatsu-kcM9Zw9QQ.tatsu-column{width: 100%;}}<\/style><\/div><\/div><\/div><\/div><div class=\"tatsu-section-background-wrap\"><div class = \"tatsu-section-background\" ><\/div><\/div><div class=\"tatsu-overlay tatsu-section-overlay\"><\/div><style>.tatsu-oxlmjnX2I9 .tatsu-section-pad{padding: 40px 0px 40px 0px;}.tatsu-oxlmjnX2I9 .tatsu-section-offset-wrap{transform: translateY(-0px);}.tatsu-oxlmjnX2I9 > .tatsu-bottom-divider{z-index: 9999;}.tatsu-oxlmjnX2I9 > .tatsu-top-divider{z-index: 9999;}.tatsu-oxlmjnX2I9 .tatsu-section-overlay{mix-blend-mode: normal;}<\/style><\/div>\n","protected":false},"excerpt":{"rendered":"<p><a href=\"https:\/\/atelier.aadw.lu\/?page_id=2888\" class=\"more-link style2-button\">Read More<\/a><\/p>","protected":false},"author":1,"featured_media":0,"parent":0,"menu_order":0,"comment_status":"closed","ping_status":"closed","template":"","meta":{"footnotes":""},"class_list":["post-2888","page","type-page","status-publish","hentry"],"_links":{"self":[{"href":"https:\/\/atelier.aadw.lu\/index.php?rest_route=\/wp\/v2\/pages\/2888","targetHints":{"allow":["GET"]}}],"collection":[{"href":"https:\/\/atelier.aadw.lu\/index.php?rest_route=\/wp\/v2\/pages"}],"about":[{"href":"https:\/\/atelier.aadw.lu\/index.php?rest_route=\/wp\/v2\/types\/page"}],"author":[{"embeddable":true,"href":"https:\/\/atelier.aadw.lu\/index.php?rest_route=\/wp\/v2\/users\/1"}],"replies":[{"embeddable":true,"href":"https:\/\/atelier.aadw.lu\/index.php?rest_route=%2Fwp%2Fv2%2Fcomments&post=2888"}],"version-history":[{"count":60,"href":"https:\/\/atelier.aadw.lu\/index.php?rest_route=\/wp\/v2\/pages\/2888\/revisions"}],"predecessor-version":[{"id":3840,"href":"https:\/\/atelier.aadw.lu\/index.php?rest_route=\/wp\/v2\/pages\/2888\/revisions\/3840"}],"wp:attachment":[{"href":"https:\/\/atelier.aadw.lu\/index.php?rest_route=%2Fwp%2Fv2%2Fmedia&parent=2888"}],"curies":[{"name":"wp","href":"https:\/\/api.w.org\/{rel}","templated":true}]}}